{"id":2926,"date":"2024-10-23T14:55:38","date_gmt":"2024-10-23T12:55:38","guid":{"rendered":"https:\/\/trimtab-gmbh.de\/?page_id=2926"},"modified":"2026-04-17T15:09:28","modified_gmt":"2026-04-17T13:09:28","slug":"for-jobbsokande","status":"publish","type":"page","link":"https:\/\/trimtab-gmbh.de\/en\/for-jobbsokande\/","title":{"rendered":"F\u00f6r jobbs\u00f6kande"},"content":{"rendered":"<div data-elementor-type=\"wp-page\" data-elementor-id=\"2926\" class=\"elementor elementor-2926\" data-elementor-post-type=\"page\">\n\t\t\t\t<div class=\"elementor-element elementor-element-d91ebf5 e-flex e-con-boxed e-con e-parent\" data-id=\"d91ebf5\" data-element_type=\"container\" data-e-type=\"container\" data-settings=\"{&quot;animation&quot;:&quot;none&quot;,&quot;background_background&quot;:&quot;classic&quot;}\">\n\t\t\t\t\t<div class=\"e-con-inner\">\n\t\t\t\t<div class=\"elementor-element elementor-element-65c9594 elementor-widget elementor-widget-text-editor\" data-id=\"65c9594\" data-element_type=\"widget\" data-e-type=\"widget\" data-widget_type=\"text-editor.default\">\n\t\t\t\t<div class=\"elementor-widget-container\">\n\t\t\t\t\t\t\t\t\t<h5 class=\"first-token\" style=\"text-align: center;\" data-path-to-node=\"0\"><b class=\"\" data-path-to-node=\"0\" data-index-in-node=\"0\"><span style=\"color: #339966;\">F\u00fcr Arbeitssuchende<\/span>\u00a0<\/b><\/h5>\t\t\t\t\t\t\t\t<\/div>\n\t\t\t\t<\/div>\n\t\t\t\t<div class=\"elementor-element elementor-element-405e85f elementor-widget__width-initial elementor-widget elementor-widget-heading\" data-id=\"405e85f\" data-element_type=\"widget\" data-e-type=\"widget\" data-widget_type=\"heading.default\">\n\t\t\t\t<div class=\"elementor-widget-container\">\n\t\t\t\t\t<h2 class=\"elementor-heading-title elementor-size-default\">TrimTab unterst\u00fctzt Sie bei Ihrer Karriere<\/h2>\t\t\t\t<\/div>\n\t\t\t\t<\/div>\n\t\t\t\t\t<\/div>\n\t\t\t\t<\/div>\n\t\t<div class=\"elementor-element elementor-element-8098c23 e-flex e-con-boxed e-con e-parent\" data-id=\"8098c23\" data-element_type=\"container\" data-e-type=\"container\" data-settings=\"{&quot;animation&quot;:&quot;none&quot;,&quot;background_background&quot;:&quot;classic&quot;}\">\n\t\t\t\t\t<div class=\"e-con-inner\">\n\t\t<div class=\"elementor-element elementor-element-cd5ba4e e-con-full e-flex e-con e-child\" data-id=\"cd5ba4e\" data-element_type=\"container\" data-e-type=\"container\" data-settings=\"{&quot;background_background&quot;:&quot;classic&quot;}\">\n\t\t\t\t<div class=\"elementor-element elementor-element-4bdaab9 elementor-widget elementor-widget-text-editor\" data-id=\"4bdaab9\" data-element_type=\"widget\" data-e-type=\"widget\" data-widget_type=\"text-editor.default\">\n\t\t\t\t<div class=\"elementor-widget-container\">\n\t\t\t\t\t\t\t\t\t<h3 data-path-to-node=\"2\">Hier finden Sie wertvolle Tipps und Ratschl\u00e4ge, die Ihnen dabei helfen, den Job zu finden, den Sie suchen, und Ihre zuk\u00fcnftige Karriere zu sichern.<\/h3><p data-path-to-node=\"3\">M\u00f6chten Sie Abwechslung im Beruf mit der Sicherheit einer festen Anstellung verbinden? Bei uns von TrimTab haben Sie die M\u00f6glichkeit, mit einigen der bekanntesten und attraktivsten Unternehmen und Beh\u00f6rden Schwedens zusammenzuarbeiten.<\/p><p data-path-to-node=\"4\"><b data-path-to-node=\"4\" data-index-in-node=\"0\">Coaching und Weiterbildung<\/b> Als Consultant bei TrimTab erhalten Sie die Chance, sich durch vielf\u00e4ltige Projekte weiterzuentwickeln, Ihr pers\u00f6nliches Netzwerk auszubauen und Ihren Lebenslauf schnell aufzuwerten. Gleichzeitig bieten wir Ihnen ein sicheres Arbeitsverh\u00e4ltnis mit festem Gehalt, geregeltem Urlaub und allen weiteren Vorteilen, die mit einer stabilen Anstellung einhergehen.<\/p><p data-path-to-node=\"5\">Beginnen Sie Ihre Reise mit uns und machen Sie den n\u00e4chsten Schritt in Ihrer Karriere!<\/p>\t\t\t\t\t\t\t\t<\/div>\n\t\t\t\t<\/div>\n\t\t\t\t<\/div>\n\t\t\t\t\t<\/div>\n\t\t\t\t<\/div>\n\t\t<div class=\"elementor-element elementor-element-b1b93e1 e-flex e-con-boxed e-con e-parent\" data-id=\"b1b93e1\" data-element_type=\"container\" data-e-type=\"container\" data-settings=\"{&quot;background_background&quot;:&quot;classic&quot;}\">\n\t\t\t\t\t<div class=\"e-con-inner\">\n\t\t<div class=\"elementor-element elementor-element-e03c340 e-con-full e-flex e-con e-child\" data-id=\"e03c340\" data-element_type=\"container\" data-e-type=\"container\">\n\t\t\t\t<div class=\"elementor-element elementor-element-1815429 elementor-widget-tablet_extra__width-inherit elementor-widget elementor-widget-image\" data-id=\"1815429\" data-element_type=\"widget\" data-e-type=\"widget\" data-widget_type=\"image.default\">\n\t\t\t\t<div class=\"elementor-widget-container\">\n\t\t\t\t\t\t\t\t\t\t\t\t\t\t\t<img fetchpriority=\"high\" decoding=\"async\" data-attachment-id=\"2505\" data-permalink=\"https:\/\/trimtab-gmbh.de\/en\/untitled-1\/\" data-orig-file=\"https:\/\/i0.wp.com\/trimtab-gmbh.de\/wp-content\/uploads\/2024\/10\/Untitled-1-1.webp?fit=632%2C960&amp;ssl=1\" data-orig-size=\"632,960\" data-comments-opened=\"1\" data-image-meta=\"{&quot;aperture&quot;:&quot;0&quot;,&quot;credit&quot;:&quot;&quot;,&quot;camera&quot;:&quot;&quot;,&quot;caption&quot;:&quot;&quot;,&quot;created_timestamp&quot;:&quot;0&quot;,&quot;copyright&quot;:&quot;&quot;,&quot;focal_length&quot;:&quot;0&quot;,&quot;iso&quot;:&quot;0&quot;,&quot;shutter_speed&quot;:&quot;0&quot;,&quot;title&quot;:&quot;&quot;,&quot;orientation&quot;:&quot;0&quot;}\" data-image-title=\"Untitled (1)\" data-image-description=\"\" data-image-caption=\"\" data-large-file=\"https:\/\/i0.wp.com\/trimtab-gmbh.de\/wp-content\/uploads\/2024\/10\/Untitled-1-1.webp?fit=632%2C960&amp;ssl=1\" width=\"632\" height=\"960\" src=\"https:\/\/i0.wp.com\/trimtab-gmbh.de\/wp-content\/uploads\/2024\/10\/Untitled-1-1.webp?fit=632%2C960&amp;ssl=1\" class=\"attachment-large size-large wp-image-2505\" alt=\"trimtab_service\" srcset=\"https:\/\/i0.wp.com\/trimtab-gmbh.de\/wp-content\/uploads\/2024\/10\/Untitled-1-1.webp?w=632&amp;ssl=1 632w, https:\/\/i0.wp.com\/trimtab-gmbh.de\/wp-content\/uploads\/2024\/10\/Untitled-1-1.webp?resize=198%2C300&amp;ssl=1 198w\" sizes=\"(max-width: 632px) 100vw, 632px\" \/>\t\t\t\t\t\t\t\t\t\t\t\t\t\t\t<\/div>\n\t\t\t\t<\/div>\n\t\t\t\t<\/div>\n\t\t<div class=\"elementor-element elementor-element-53e27f5 e-con-full e-flex e-con e-child\" data-id=\"53e27f5\" data-element_type=\"container\" data-e-type=\"container\">\n\t\t\t\t<div class=\"elementor-element elementor-element-0316c89 elementor-widget elementor-widget-text-editor\" data-id=\"0316c89\" data-element_type=\"widget\" data-e-type=\"widget\" data-widget_type=\"text-editor.default\">\n\t\t\t\t<div class=\"elementor-widget-container\">\n\t\t\t\t\t\t\t\t\t<h5 class=\"first-token\" style=\"text-align: center;\" data-path-to-node=\"0\"><span style=\"color: #008000;\"><b class=\"\" data-path-to-node=\"0\" data-index-in-node=\"0\">\/ Sprachunterst\u00fctzung \/<\/b><\/span><\/h5>\t\t\t\t\t\t\t\t<\/div>\n\t\t\t\t<\/div>\n\t\t\t\t<div class=\"elementor-element elementor-element-27090c1 elementor-widget elementor-widget-text-editor\" data-id=\"27090c1\" data-element_type=\"widget\" data-e-type=\"widget\" data-widget_type=\"text-editor.default\">\n\t\t\t\t<div class=\"elementor-widget-container\">\n\t\t\t\t\t\t\t\t\t<ol><li>Deutsch\u00a0<\/li><li>Arabisch<\/li><li>Kurdisch<\/li><\/ol><div class=\"elementor-widget-container\">\u00a0<\/div>\t\t\t\t\t\t\t\t<\/div>\n\t\t\t\t<\/div>\n\t\t\t\t<\/div>\n\t\t\t\t\t<\/div>\n\t\t\t\t<\/div>\n\t\t<div class=\"elementor-element elementor-element-091e0d0 e-flex e-con-boxed elementor-invisible e-con e-parent\" data-id=\"091e0d0\" data-element_type=\"container\" data-e-type=\"container\" data-settings=\"{&quot;background_background&quot;:&quot;classic&quot;,&quot;animation&quot;:&quot;fadeInUp&quot;}\">\n\t\t\t\t\t<div class=\"e-con-inner\">\n\t\t<div class=\"elementor-element elementor-element-ab11983 e-con-full e-flex e-con e-child\" data-id=\"ab11983\" data-element_type=\"container\" data-e-type=\"container\">\n\t\t\t\t<div class=\"elementor-element elementor-element-e84091b elementor-widget elementor-widget-text-editor\" data-id=\"e84091b\" data-element_type=\"widget\" data-e-type=\"widget\" data-widget_type=\"text-editor.default\">\n\t\t\t\t<div class=\"elementor-widget-container\">\n\t\t\t\t\t\t\t\t\t<p class=\"first-token\" data-path-to-node=\"0\"><b class=\"\" data-path-to-node=\"0\" data-index-in-node=\"0\">\/ Kontakt \/<\/b><\/p>\t\t\t\t\t\t\t\t<\/div>\n\t\t\t\t<\/div>\n\t\t\t\t<div class=\"elementor-element elementor-element-8c5ab31 elementor-widget-mobile_extra__width-initial elementor-widget elementor-widget-heading\" data-id=\"8c5ab31\" data-element_type=\"widget\" data-e-type=\"widget\" data-widget_type=\"heading.default\">\n\t\t\t\t<div class=\"elementor-widget-container\">\n\t\t\t\t\t<h2 class=\"elementor-heading-title elementor-size-default\">R\u00fcckruf anfordern<\/h2>\t\t\t\t<\/div>\n\t\t\t\t<\/div>\n\t\t\t\t<div class=\"elementor-element elementor-element-6615c3d elementor-widget elementor-widget-text-editor\" data-id=\"6615c3d\" data-element_type=\"widget\" data-e-type=\"widget\" data-widget_type=\"text-editor.default\">\n\t\t\t\t<div class=\"elementor-widget-container\">\n\t\t\t\t\t\t\t\t\t<p class=\"first-token\" data-path-to-node=\"0\"><b class=\"\" data-path-to-node=\"0\" data-index-in-node=\"0\">Kontaktieren Sie uns, wenn Sie Fragen zu unserer L\u00f6sung oder anderen Themen haben.<\/b><\/p>\t\t\t\t\t\t\t\t<\/div>\n\t\t\t\t<\/div>\n\t\t\t\t<div class=\"elementor-element elementor-element-702c4b3 button-recrutie elementor-mobile-align-left elementor-button-default elementor-widget elementor-widget-button\" data-id=\"702c4b3\" data-element_type=\"widget\" data-e-type=\"widget\" data-widget_type=\"button.default\">\n\t\t\t\t<div class=\"elementor-widget-container\">\n\t\t\t\t\t\t\t\t\t<div class=\"elementor-button-wrapper\">\n\t\t\t\t\t<a class=\"elementor-button elementor-button-link elementor-size-sm\" href=\"https:\/\/trimtab-gmbh.de\/en\/kontakt\/\">\n\t\t\t\t\t\t<span class=\"elementor-button-content-wrapper\">\n\t\t\t\t\t\t<span class=\"elementor-button-icon\">\n\t\t\t\t<i aria-hidden=\"true\" class=\"recrutie-icon- recrutie-icon-arrow-up-right-1\"><\/i>\t\t\t<\/span>\n\t\t\t\t\t\t\t\t\t<span class=\"elementor-button-text\">Kontakt<\/span>\n\t\t\t\t\t<\/span>\n\t\t\t\t\t<\/a>\n\t\t\t\t<\/div>\n\t\t\t\t\t\t\t\t<\/div>\n\t\t\t\t<\/div>\n\t\t\t\t<\/div>\n\t\t<div class=\"elementor-element elementor-element-897de25 e-con-full e-flex e-con e-child\" data-id=\"897de25\" data-element_type=\"container\" data-e-type=\"container\">\n\t\t\t\t<div class=\"elementor-element elementor-element-dfe939f elementor-widget elementor-widget-image\" data-id=\"dfe939f\" data-element_type=\"widget\" data-e-type=\"widget\" data-widget_type=\"image.default\">\n\t\t\t\t<div class=\"elementor-widget-container\">\n\t\t\t\t\t\t\t\t\t\t\t\t\t\t\t<img decoding=\"async\" data-attachment-id=\"3477\" data-permalink=\"https:\/\/trimtab-gmbh.de\/en\/for-jobbsokande\/untitled-7\/\" data-orig-file=\"https:\/\/i0.wp.com\/trimtab-gmbh.de\/wp-content\/uploads\/2024\/10\/Untitled-7.webp?fit=632%2C1002&amp;ssl=1\" data-orig-size=\"632,1002\" data-comments-opened=\"1\" data-image-meta=\"{&quot;aperture&quot;:&quot;0&quot;,&quot;credit&quot;:&quot;&quot;,&quot;camera&quot;:&quot;&quot;,&quot;caption&quot;:&quot;&quot;,&quot;created_timestamp&quot;:&quot;0&quot;,&quot;copyright&quot;:&quot;&quot;,&quot;focal_length&quot;:&quot;0&quot;,&quot;iso&quot;:&quot;0&quot;,&quot;shutter_speed&quot;:&quot;0&quot;,&quot;title&quot;:&quot;&quot;,&quot;orientation&quot;:&quot;0&quot;}\" data-image-title=\"Untitled\" data-image-description=\"\" data-image-caption=\"\" data-large-file=\"https:\/\/i0.wp.com\/trimtab-gmbh.de\/wp-content\/uploads\/2024\/10\/Untitled-7.webp?fit=632%2C1002&amp;ssl=1\" width=\"632\" height=\"1002\" src=\"https:\/\/i0.wp.com\/trimtab-gmbh.de\/wp-content\/uploads\/2024\/10\/Untitled-7.webp?fit=632%2C1002&amp;ssl=1\" class=\"attachment-large size-large wp-image-3477\" alt=\"trimtab_contact us\" srcset=\"https:\/\/i0.wp.com\/trimtab-gmbh.de\/wp-content\/uploads\/2024\/10\/Untitled-7.webp?w=632&amp;ssl=1 632w, https:\/\/i0.wp.com\/trimtab-gmbh.de\/wp-content\/uploads\/2024\/10\/Untitled-7.webp?resize=189%2C300&amp;ssl=1 189w\" sizes=\"(max-width: 632px) 100vw, 632px\" \/>\t\t\t\t\t\t\t\t\t\t\t\t\t\t\t<\/div>\n\t\t\t\t<\/div>\n\t\t\t\t<\/div>\n\t\t\t\t\t<\/div>\n\t\t\t\t<\/div>\n\t\t\t\t<\/div>","protected":false},"excerpt":{"rendered":"<p>F\u00fcr Arbeitssuchende\u00a0 TrimTab unterst\u00fctzt Sie bei Ihrer Karriere Hier finden Sie wertvolle Tipps und Ratschl\u00e4ge, die Ihnen dabei helfen, den Job zu finden, den Sie suchen, und Ihre zuk\u00fcnftige Karriere zu sichern. M\u00f6chten Sie Abwechslung im Beruf mit der Sicherheit einer festen Anstellung verbinden? Bei uns von TrimTab haben Sie die M\u00f6glichkeit, mit einigen der [&hellip;]<\/p>\n","protected":false},"author":257190015,"featured_media":0,"parent":0,"menu_order":0,"comment_status":"closed","ping_status":"closed","template":"template-homepage.php","meta":{"_crdt_document":"","advanced_seo_description":"","jetpack_seo_html_title":"","jetpack_seo_noindex":false,"footnotes":""},"class_list":["post-2926","page","type-page","status-publish","hentry"],"jetpack_likes_enabled":true,"jetpack_sharing_enabled":true,"jetpack_shortlink":"https:\/\/wp.me\/Ph8mDq-Lc","jetpack-related-posts":[{"id":66,"url":"https:\/\/trimtab-gmbh.de\/en\/","url_meta":{"origin":2926,"position":0},"title":"Home","author":"Trim tab","date":"21st October 2024","format":false,"excerpt":"Wir sind Trimtab Die Arbeitsmarktexperten der neuen Zeit: etwas frischer, etwas schneller und viel pers\u00f6nlicher. Mitarbeiter suchen Job finden Rekrutierung Ihr Partner f\u00fcr Personal & Coaching F\u00fchrend in Personalvermittlungsdiensten Auftrag Durch klare Strukturen verdeutlichen und realisieren wir den Weg des Kunden zu einer sinnvollen Besch\u00e4ftigung. Durch klare Strukturen verdeutlichen und\u2026","rel":"","context":"Similar post","block_context":{"text":"Similar post","link":""},"img":{"alt_text":"trimtab","src":"https:\/\/trimtab-gmbh.de\/wp-content\/uploads\/2024\/11\/Symbol_Liten_Ordbild.svg","width":350,"height":200,"srcset":"https:\/\/trimtab-gmbh.de\/wp-content\/uploads\/2024\/11\/Symbol_Liten_Ordbild.svg 1x, https:\/\/trimtab-gmbh.de\/wp-content\/uploads\/2024\/11\/Symbol_Liten_Ordbild.svg 1.5x, https:\/\/trimtab-gmbh.de\/wp-content\/uploads\/2024\/11\/Symbol_Liten_Ordbild.svg 2x, https:\/\/trimtab-gmbh.de\/wp-content\/uploads\/2024\/11\/Symbol_Liten_Ordbild.svg 3x"},"classes":[]},{"id":269,"url":"https:\/\/trimtab-gmbh.de\/en\/for-arbetsgivare\/","url_meta":{"origin":2926,"position":1},"title":"F\u00f6r arbetsgivare","author":"Trim tab","date":"22nd October 2024","format":false,"excerpt":"\/ F\u00fcr Arbeitgeber \/ TrimTab unterst\u00fctzt Sie dabei, die Kompetenzen und das Coaching zu finden, die Sie f\u00fcr Ihren Erfolg ben\u00f6tigen. Ihr Partner f\u00fcr Personalgestellung und RecruitingWir sind ein Akteur am Arbeitsmarkt mit breiter Erfahrung und einem gro\u00dfen Netzwerk an qualifiziertem Personal, das dort anpackt, wo es gebraucht wird \u2013\u2026","rel":"","context":"Similar post","block_context":{"text":"Similar post","link":""},"img":{"alt_text":"trimtab_service","src":"https:\/\/i0.wp.com\/trimtab-gmbh.de\/wp-content\/uploads\/2024\/10\/Untitled-1-1.webp?resize=350%2C200&ssl=1","width":350,"height":200,"srcset":"https:\/\/i0.wp.com\/trimtab-gmbh.de\/wp-content\/uploads\/2024\/10\/Untitled-1-1.webp?resize=350%2C200&ssl=1 1x, https:\/\/i0.wp.com\/trimtab-gmbh.de\/wp-content\/uploads\/2024\/10\/Untitled-1-1.webp?resize=525%2C300&ssl=1 1.5x"},"classes":[]},{"id":72,"url":"https:\/\/trimtab-gmbh.de\/en\/uberuns\/","url_meta":{"origin":2926,"position":2},"title":"\u00dcber uns","author":"Trim tab","date":"22nd October 2024","format":false,"excerpt":"Wer Sind WirWir arbeiten mit Matching \u2013 wir finden die richtige Person f\u00fcr den richtigen Platz und schaffen bedeutungsvolle Arbeitsbeziehungen.Wir sind die Arbeitsvermittlung der neuen Generation: ein bisschen lebendiger, ein bisschen schneller und viel pers\u00f6nlicher. Wir teilen eine gemeinsame Vision davon, was eine sinnvolle Arbeit ist und sein sollte: ein\u2026","rel":"","context":"Similar post","block_context":{"text":"Similar post","link":""},"img":{"alt_text":"trimtab_aboutus","src":"https:\/\/i0.wp.com\/trimtab-gmbh.de\/wp-content\/uploads\/2024\/10\/Untitled-4.webp?resize=350%2C200&ssl=1","width":350,"height":200,"srcset":"https:\/\/i0.wp.com\/trimtab-gmbh.de\/wp-content\/uploads\/2024\/10\/Untitled-4.webp?resize=350%2C200&ssl=1 1x, https:\/\/i0.wp.com\/trimtab-gmbh.de\/wp-content\/uploads\/2024\/10\/Untitled-4.webp?resize=525%2C300&ssl=1 1.5x, https:\/\/i0.wp.com\/trimtab-gmbh.de\/wp-content\/uploads\/2024\/10\/Untitled-4.webp?resize=700%2C400&ssl=1 2x, https:\/\/i0.wp.com\/trimtab-gmbh.de\/wp-content\/uploads\/2024\/10\/Untitled-4.webp?resize=1050%2C600&ssl=1 3x"},"classes":[]},{"id":3826,"url":"https:\/\/trimtab-gmbh.de\/en\/eu-projekte\/","url_meta":{"origin":2926,"position":3},"title":"EU-Projekte","author":"Trim tab","date":"29th October 2024","format":false,"excerpt":"\/ EU-Projekte \/ Unsere EU-Projekte finden EURES Trim Tab ist ein privates Unternehmen, das mit dem Ziel gegr\u00fcndet wurde, sicherzustellen, dass jeder Mensch Zugang zu bedeutsamen sozialen und beruflichen M\u00f6glichkeiten in der Gesellschaft hat \u2013 einschlie\u00dflich Besch\u00e4ftigung und Bildung. Seit seiner Gr\u00fcndung widmet sich Trim Tab der Begleitung von Arbeitslosen\u2026","rel":"","context":"Similar post","block_context":{"text":"Similar post","link":""},"img":{"alt_text":"","src":"","width":0,"height":0},"classes":[]}],"_links":{"self":[{"href":"https:\/\/trimtab-gmbh.de\/en\/wp-json\/wp\/v2\/pages\/2926","targetHints":{"allow":["GET"]}}],"collection":[{"href":"https:\/\/trimtab-gmbh.de\/en\/wp-json\/wp\/v2\/pages"}],"about":[{"href":"https:\/\/trimtab-gmbh.de\/en\/wp-json\/wp\/v2\/types\/page"}],"author":[{"embeddable":true,"href":"https:\/\/trimtab-gmbh.de\/en\/wp-json\/wp\/v2\/users\/257190015"}],"replies":[{"embeddable":true,"href":"https:\/\/trimtab-gmbh.de\/en\/wp-json\/wp\/v2\/comments?post=2926"}],"version-history":[{"count":100,"href":"https:\/\/trimtab-gmbh.de\/en\/wp-json\/wp\/v2\/pages\/2926\/revisions"}],"predecessor-version":[{"id":9708,"href":"https:\/\/trimtab-gmbh.de\/en\/wp-json\/wp\/v2\/pages\/2926\/revisions\/9708"}],"wp:attachment":[{"href":"https:\/\/trimtab-gmbh.de\/en\/wp-json\/wp\/v2\/media?parent=2926"}],"curies":[{"name":"wp","href":"https:\/\/api.w.org\/{rel}","templated":true}]}}